{"id":13,"date":"2016-11-17T16:18:02","date_gmt":"2016-11-17T15:18:02","guid":{"rendered":"http:\/\/rechtsanwalt-notar-pfeiffer.de\/?page_id=13"},"modified":"2019-03-25T17:53:41","modified_gmt":"2019-03-25T16:53:41","slug":"impressum","status":"publish","type":"page","link":"http:\/\/rechtsanwalt-notar-pfeiffer.de\/?page_id=13","title":{"rendered":"Impressum \/ Datenschutzerkl\u00e4rung"},"content":{"rendered":"<p><strong>Rechtsanwalt und Notar Helmuth Pfeiffer<\/strong><br \/>Wilhelmstr. 163, D-13595 Berlin<br \/>Tel.: +49 (30) 331 30 01, Fax: +49 (30) 331 86 15<br \/>E-Mail: info(at)rechtsanwalt-notar-pfeiffer.de<\/p>\n<p>B<strong>erufsrechtliche Regelungen und deren Fundstellen (Notar)<\/strong> <br \/>Die ma\u00dfgeblichen Berufsregelungen\u00a0 sind insbesondere:<br \/>\u00a0 \u00a0 \u00a0 \u00a0 \u00a0 \u00a0 \u00a0 \u00a0 \u00a0 \u00a0 Be\u00adur\u00adkun\u00addungs\u00adge\u00adsetz (BeurkG) <br \/>\u00a0 \u00a0 \u00a0 \u00a0 \u00a0 \u00a0 \u00a0 \u00a0 \u00a0 \u00a0 Bundesnotarordnung (BNotO)<br \/>\u00a0\u00a0\u00a0\u00a0\u00a0\u00a0\u00a0\u00a0\u00a0\u00a0\u00a0\u00a0\u00a0\u00a0\u00a0\u00a0\u00a0\u00a0\u00a0 Dienstordnung f\u00fcr Notare (DONot)<br \/>\u00a0\u00a0\u00a0\u00a0\u00a0\u00a0\u00a0\u00a0\u00a0\u00a0\u00a0\u00a0\u00a0\u00a0\u00a0\u00a0\u00a0\u00a0\u00a0 Gerichts- und Notarkostengesetz (GNotKG)<br \/>Die Vorschriften sind auf der Internetseite der Bundesnotarkammer www.bnotk.de einzusehen.<\/p>\n<p><strong>Aufsichtsbeh\u00f6rde Notar:<\/strong><br \/>Pr\u00e4sident\/in des Landgerichts Berlin, Tegeler Weg 17-21, 10179 Berlin<br \/>Pr\u00e4sident\/in des Kammergerichts, El\u00dfholzstr. 30-33, 10781 Berlin<br \/>Notarkammer Berlin, Littenstra\u00dfe 10, 10179 Berlin<br \/><a href=\"http:\/\/www.bundesnotarkammer.de\">Link: Berufsrechtliche Regelungen\u00a0Notar<\/a><\/p>\n<p><strong>Aufsichtsbeh\u00f6rde Rechtsanwalt:<\/strong><br \/>Rechtsanwaltskammer Berlin, Littenstra\u00dfe 9, 10179 Berlin<br \/><a href=\"http:\/\/www.brak.de\/fuer-anwaelte\/berufsrecht\/\">Link: Berufsrechtliche Regelungen Anwalt<\/a><\/p>\n<p><strong>Bekanntmachung gem. \u00a7\u00a7 2,3 DL-Info<br \/><\/strong>Staatsexamen I und II Berlin \/ Deutschland<br \/>Rechtsanwaltskammer Berlin, Notarkammer Berlin<br \/><strong>Haftpflichtversicherung:<br \/><\/strong>ERGO Versicherungsgruppe AG<br \/>Victoriaplatz 1, 40477 D\u00fcsseldorf<br \/>Geltungsbereich Bundesrepublik Deutschland<br \/>Umsatzsteuer Ident-Nr.: 19\/470\/63070<\/p>\n<p><strong>Datenschutzerkl\u00e4rung:<br \/><\/strong>Die Betreiber dieser Seiten nehmen den Schutz Ihrer pers\u00f6nlichen Daten sehr ernst. Wir behandeln Ihre personenbezogenen Daten vertraulich und entsprechend der gesetzlichen Datenschutzvorschriften sowie dieser Datenschutzerkl\u00e4rung. Die Nutzung unserer Website ist in der Regel ohne Angabe personenbezogener Daten m\u00f6glich. Soweit auf unseren Seiten personenbezogene Daten (beispielsweise Name, Anschrift oder E-Mail-Adressen) erhoben werden, erfolgt dies, soweit m\u00f6glich, stets auf freiwilliger Basis. Diese Daten werden ohne Ihre ausdr\u00fcckliche Zustimmung nicht an Dritte weitergegeben. Wir weisen darauf hin, dass die Daten\u00fcbertragung im Internet (z.B. bei der Kommunikation per E-Mail) Sicherheitsl\u00fccken aufweisen kann. Ein l\u00fcckenloser Schutz der Daten vor dem Zugriff durch Dritte ist nicht m\u00f6glich.<br \/><strong>Recht auf Auskunft, L\u00f6schung, Sperrung:<br \/><\/strong> Sie haben jederzeit das Recht auf unentgeltliche Auskunft \u00fcber Ihre gespeicherten personenbezogenen Daten, deren Herkunft und Empf\u00e4nger und den Zweck der Datenverarbeitung sowie ein Recht auf Berichtigung, Sperrung oder L\u00f6schung dieser Daten. Hierzu sowie zu weiteren Fragen zum Thema personenbezogene Daten k\u00f6nnen Sie sich jederzeit unter der im Impressum angegebenen Adresse an uns wenden.<\/p>\n<p>Datenschutzbeauftragte: <br \/>Sandra B\u00fcnger<br \/>Erreichbar zu Gesch\u00e4ftszeiten in der Kanzlei, Tel:\u00a0 +49(30)-331 30 01<\/p>\n\n\n<p><\/p>\n","protected":false},"excerpt":{"rendered":"<p>Rechtsanwalt und Notar Helmuth PfeifferWilhelmstr. 163, D-13595 BerlinTel.: +49 (30) 331 30 01, Fax: +49 (30) 331 86 15E-Mail: info(at)rechtsanwalt-notar-pfeiffer.de Berufsrechtliche Regelungen und deren Fundstellen (Notar) Die ma\u00dfgeblichen Berufsregelungen\u00a0 sind insbesondere:\u00a0 \u00a0 \u00a0 \u00a0 \u00a0 \u00a0 \u00a0 \u00a0 \u00a0 \u00a0 Be\u00adur\u00adkun\u00addungs\u00adge\u00adsetz (BeurkG) \u00a0 \u00a0 \u00a0 \u00a0 \u00a0 \u00a0 \u00a0 \u00a0 \u00a0 \u00a0 Bundesnotarordnung (BNotO)\u00a0\u00a0\u00a0\u00a0\u00a0\u00a0\u00a0\u00a0\u00a0\u00a0\u00a0\u00a0\u00a0\u00a0\u00a0\u00a0\u00a0\u00a0\u00a0 Dienstordnung &hellip; <a href=\"http:\/\/rechtsanwalt-notar-pfeiffer.de\/?page_id=13\" class=\"more-link\"><span class=\"screen-reader-text\">Impressum \/ Datenschutzerkl\u00e4rung<\/span> weiterlesen<\/a><\/p>\n","protected":false},"author":1,"featured_media":0,"parent":0,"menu_order":0,"comment_status":"closed","ping_status":"closed","template":"","meta":[],"_links":{"self":[{"href":"http:\/\/rechtsanwalt-notar-pfeiffer.de\/index.php?rest_route=\/wp\/v2\/pages\/13"}],"collection":[{"href":"http:\/\/rechtsanwalt-notar-pfeiffer.de\/index.php?rest_route=\/wp\/v2\/pages"}],"about":[{"href":"http:\/\/rechtsanwalt-notar-pfeiffer.de\/index.php?rest_route=\/wp\/v2\/types\/page"}],"author":[{"embeddable":true,"href":"http:\/\/rechtsanwalt-notar-pfeiffer.de\/index.php?rest_route=\/wp\/v2\/users\/1"}],"replies":[{"embeddable":true,"href":"http:\/\/rechtsanwalt-notar-pfeiffer.de\/index.php?rest_route=%2Fwp%2Fv2%2Fcomments&post=13"}],"version-history":[{"count":14,"href":"http:\/\/rechtsanwalt-notar-pfeiffer.de\/index.php?rest_route=\/wp\/v2\/pages\/13\/revisions"}],"predecessor-version":[{"id":55,"href":"http:\/\/rechtsanwalt-notar-pfeiffer.de\/index.php?rest_route=\/wp\/v2\/pages\/13\/revisions\/55"}],"wp:attachment":[{"href":"http:\/\/rechtsanwalt-notar-pfeiffer.de\/index.php?rest_route=%2Fwp%2Fv2%2Fmedia&parent=13"}],"curies":[{"name":"wp","href":"https:\/\/api.w.org\/{rel}","templated":true}]}}